{"id":39795,"date":"2026-03-08T14:16:12","date_gmt":"2026-03-08T11:16:12","guid":{"rendered":"https:\/\/www.doktoron.com\/?page_id=39795"},"modified":"2026-03-08T15:19:06","modified_gmt":"2026-03-08T12:19:06","slug":"our-cookie-policy","status":"publish","type":"page","link":"https:\/\/www.doktoron.com\/en\/our-cookie-policy","title":{"rendered":"Our Cookie Policy"},"content":{"rendered":"\t\t<div data-elementor-type=\"wp-page\" data-elementor-id=\"39795\" class=\"elementor elementor-39795\">\n\t\t\t\t\t\t<section class=\"elementor-section elementor-top-section elementor-element elementor-element-43897269 elementor-section-boxed elementor-section-height-default elementor-section-height-default sc_fly_static\" data-id=\"43897269\" data-element_type=\"section\" data-e-type=\"section\" data-settings=\"{&quot;background_background&quot;:&quot;classic&quot;}\">\n\t\t\t\t\t\t<div class=\"elementor-container elementor-column-gap-extended\">\n\t\t\t\t\t<div class=\"elementor-column elementor-col-100 elementor-top-column elementor-element elementor-element-6f02bc5d sc_content_align_inherit sc_layouts_column_icons_position_left sc_fly_static\" data-id=\"6f02bc5d\" data-element_type=\"column\" data-e-type=\"column\">\n\t\t\t<div class=\"elementor-widget-wrap elementor-element-populated\">\n\t\t\t\t\t\t<div class=\"elementor-element elementor-element-bad4d2e sc_fly_static elementor-widget elementor-widget-heading\" data-id=\"bad4d2e\" data-element_type=\"widget\" data-e-type=\"widget\" data-widget_type=\"heading.default\">\n\t\t\t\t<div class=\"elementor-widget-container\">\n\t\t\t\t\t<h1 class=\"elementor-heading-title elementor-size-default\">Our Cookie Policy<\/h1>\t\t\t\t<\/div>\n\t\t\t\t<\/div>\n\t\t\t\t<div class=\"elementor-element elementor-element-1873ed3 sc_fly_static elementor-widget elementor-widget-text-editor\" data-id=\"1873ed3\" data-element_type=\"widget\" data-e-type=\"widget\" data-widget_type=\"text-editor.default\">\n\t\t\t\t<div class=\"elementor-widget-container\">\n\t\t\t\t\t\t\t\t\t<p><b>Last Updated: October 10, 2025<\/b><\/p><h3>1. What Are Cookies?<\/h3><p>Cookies are small text files that are stored on your computer or mobile device when you visit a website. Cookies are used to ensure that the website functions more efficiently and to personalize the user experience.<\/p><h3>2. Why Do We Use Cookies?<\/h3><p>As doktoron.com, we use cookies for the following purposes:<\/p><ul><li><b>Essential Cookies:<\/b> These are necessary for the basic functions of the website to operate properly (such as navigation between pages).<\/li><li><b>Performance and Analytics Cookies:<\/b> These help us analyze our website and improve its performance by collecting anonymous information such as the number of visitors and the most visited pages (e.g., Google Analytics). This data is anonymous and is not processed as personal data.<\/li><li><b>Functionality Cookies:<\/b> These remember your language preferences and site settings to provide you with a more personalized experience.<\/li><\/ul><h3>3. How Can You Control Cookies?<\/h3><p>You can manage your cookie preferences by changing your browser settings. Most browsers allow you to accept, reject, or accept cookies only from specific websites. However, blocking essential cookies may cause some functions of our website to not work properly.<\/p><h3>4. Third-Party Cookies<\/h3><p>Our website may include cookies from third parties such as Google Analytics, whose services we use. These cookies are subject to the privacy policies of the respective third parties. The processing of your personal data by these third parties takes place in accordance with their policies.<\/p><h3>5. Contact<\/h3><p>For more information or to submit requests regarding cookies, you can contact us at <b>hello@doktoron.com<\/b>.<\/p>\t\t\t\t\t\t\t\t<\/div>\n\t\t\t\t<\/div>\n\t\t\t\t\t<\/div>\n\t\t<\/div>\n\t\t\t\t\t<\/div>\n\t\t<\/section>\n\t\t\t\t<\/div>\n\t\t","protected":false},"excerpt":{"rendered":"<p>Our Cookie Policy Last Updated: October 10, 2025 1. What Are Cookies? Cookies are small text files that are stored on your computer or mobile device when you visit a&hellip;<\/p>\n","protected":false},"author":1,"featured_media":0,"parent":0,"menu_order":0,"comment_status":"closed","ping_status":"closed","template":"","meta":{"footnotes":""},"class_list":["post-39795","page","type-page","status-publish","hentry"],"yoast_head":"<!-- This site is optimized with the Yoast SEO plugin v27.1.1 - https:\/\/yoast.com\/product\/yoast-seo-wordpress\/ -->\n<title>Our Cookie Policy - Doktoron<\/title>\n<meta name=\"robots\" content=\"index, follow, max-snippet:-1, max-image-preview:large, max-video-preview:-1\" \/>\n<link rel=\"canonical\" href=\"https:\/\/www.doktoron.com\/en\/our-cookie-policy\" \/>\n<meta property=\"og:locale\" content=\"en_US\" \/>\n<meta property=\"og:type\" content=\"article\" \/>\n<meta property=\"og:title\" content=\"Our Cookie Policy - Doktoron\" \/>\n<meta property=\"og:description\" content=\"Our Cookie Policy Last Updated: October 10, 2025 1. What Are Cookies? Cookies are small text files that are stored on your computer or mobile device when you visit a&hellip;\" \/>\n<meta property=\"og:url\" content=\"https:\/\/www.doktoron.com\/en\/our-cookie-policy\" \/>\n<meta property=\"og:site_name\" content=\"Doktoron\" \/>\n<meta property=\"article:publisher\" content=\"https:\/\/www.facebook.com\/doktoroncom\/\" \/>\n<meta property=\"article:modified_time\" content=\"2026-03-08T12:19:06+00:00\" \/>\n<meta name=\"twitter:card\" content=\"summary_large_image\" \/>\n<meta name=\"twitter:label1\" content=\"Est. reading time\" \/>\n\t<meta name=\"twitter:data1\" content=\"1 minute\" \/>\n<!-- \/ Yoast SEO plugin. -->","yoast_head_json":{"title":"Our Cookie Policy - Doktoron","robots":{"index":"index","follow":"follow","max-snippet":"max-snippet:-1","max-image-preview":"max-image-preview:large","max-video-preview":"max-video-preview:-1"},"canonical":"https:\/\/www.doktoron.com\/en\/our-cookie-policy","og_locale":"en_US","og_type":"article","og_title":"Our Cookie Policy - Doktoron","og_description":"Our Cookie Policy Last Updated: October 10, 2025 1. What Are Cookies? Cookies are small text files that are stored on your computer or mobile device when you visit a&hellip;","og_url":"https:\/\/www.doktoron.com\/en\/our-cookie-policy","og_site_name":"Doktoron","article_publisher":"https:\/\/www.facebook.com\/doktoroncom\/","article_modified_time":"2026-03-08T12:19:06+00:00","twitter_card":"summary_large_image","twitter_misc":{"Est. reading time":"1 minute"},"schema":{"@context":"https:\/\/schema.org","@graph":[{"@type":"WebPage","@id":"https:\/\/www.doktoron.com\/en\/our-cookie-policy","url":"https:\/\/www.doktoron.com\/en\/our-cookie-policy","name":"Our Cookie Policy - Doktoron","isPartOf":{"@id":"https:\/\/www.doktoron.com\/en\/#website"},"datePublished":"2026-03-08T11:16:12+00:00","dateModified":"2026-03-08T12:19:06+00:00","breadcrumb":{"@id":"https:\/\/www.doktoron.com\/en\/our-cookie-policy#breadcrumb"},"inLanguage":"en-US","potentialAction":[{"@type":"ReadAction","target":["https:\/\/www.doktoron.com\/en\/our-cookie-policy"]}]},{"@type":"BreadcrumbList","@id":"https:\/\/www.doktoron.com\/en\/our-cookie-policy#breadcrumb","itemListElement":[{"@type":"ListItem","position":1,"name":"Anasayfa","item":"https:\/\/www.doktoron.com\/en\/"},{"@type":"ListItem","position":2,"name":"Our Cookie Policy"}]},{"@type":"WebSite","@id":"https:\/\/www.doktoron.com\/en\/#website","url":"https:\/\/www.doktoron.com\/en\/","name":"Doktoron","description":"T\u00fcrkiye&#039;nin Otoriter Sa\u011fl\u0131k Rehberi","publisher":{"@id":"https:\/\/www.doktoron.com\/en\/#organization"},"alternateName":"Doktoron.com","potentialAction":[{"@type":"SearchAction","target":{"@type":"EntryPoint","urlTemplate":"https:\/\/www.doktoron.com\/en\/?s={search_term_string}"},"query-input":{"@type":"PropertyValueSpecification","valueRequired":true,"valueName":"search_term_string"}}],"inLanguage":"en-US"},{"@type":"Organization","@id":"https:\/\/www.doktoron.com\/en\/#organization","name":"Doktoron","url":"https:\/\/www.doktoron.com\/en\/","logo":{"@type":"ImageObject","inLanguage":"en-US","@id":"https:\/\/www.doktoron.com\/en\/#\/schema\/logo\/image\/","url":"https:\/\/www.doktoron.com\/en\/wp-content\/uploads\/2025\/10\/doktoron-logo-siyah.png","contentUrl":"https:\/\/www.doktoron.com\/en\/wp-content\/uploads\/2025\/10\/doktoron-logo-siyah.png","width":900,"height":240,"caption":"Doktoron"},"image":{"@id":"https:\/\/www.doktoron.com\/en\/#\/schema\/logo\/image\/"},"sameAs":["https:\/\/www.facebook.com\/doktoroncom\/","https:\/\/www.instagram.com\/doktoroncom\/","https:\/\/www.linkedin.com\/company\/doktoroncom\/"]}]}},"_links":{"self":[{"href":"https:\/\/www.doktoron.com\/en\/wp-json\/wp\/v2\/pages\/39795","targetHints":{"allow":["GET"]}}],"collection":[{"href":"https:\/\/www.doktoron.com\/en\/wp-json\/wp\/v2\/pages"}],"about":[{"href":"https:\/\/www.doktoron.com\/en\/wp-json\/wp\/v2\/types\/page"}],"author":[{"embeddable":true,"href":"https:\/\/www.doktoron.com\/en\/wp-json\/wp\/v2\/users\/1"}],"replies":[{"embeddable":true,"href":"https:\/\/www.doktoron.com\/en\/wp-json\/wp\/v2\/comments?post=39795"}],"version-history":[{"count":4,"href":"https:\/\/www.doktoron.com\/en\/wp-json\/wp\/v2\/pages\/39795\/revisions"}],"predecessor-version":[{"id":39799,"href":"https:\/\/www.doktoron.com\/en\/wp-json\/wp\/v2\/pages\/39795\/revisions\/39799"}],"wp:attachment":[{"href":"https:\/\/www.doktoron.com\/en\/wp-json\/wp\/v2\/media?parent=39795"}],"curies":[{"name":"wp","href":"https:\/\/api.w.org\/{rel}","templated":true}]}}