{"id":39836,"date":"2026-03-08T14:34:30","date_gmt":"2026-03-08T11:34:30","guid":{"rendered":"https:\/\/www.doktoron.com\/?page_id=39836"},"modified":"2026-03-08T15:17:51","modified_gmt":"2026-03-08T12:17:51","slug":"content-removal-request","status":"publish","type":"page","link":"https:\/\/www.doktoron.com\/en\/content-removal-request","title":{"rendered":"Content Removal Request"},"content":{"rendered":"\t\t<div data-elementor-type=\"wp-page\" data-elementor-id=\"39836\" class=\"elementor elementor-39836\">\n\t\t\t\t\t\t<section class=\"elementor-section elementor-top-section elementor-element elementor-element-43897269 elementor-section-boxed elementor-section-height-default elementor-section-height-default sc_fly_static\" data-id=\"43897269\" data-element_type=\"section\" data-e-type=\"section\" data-settings=\"{&quot;background_background&quot;:&quot;classic&quot;}\">\n\t\t\t\t\t\t<div class=\"elementor-container elementor-column-gap-extended\">\n\t\t\t\t\t<div class=\"elementor-column elementor-col-100 elementor-top-column elementor-element elementor-element-6f02bc5d sc_content_align_inherit sc_layouts_column_icons_position_left sc_fly_static\" data-id=\"6f02bc5d\" data-element_type=\"column\" data-e-type=\"column\">\n\t\t\t<div class=\"elementor-widget-wrap elementor-element-populated\">\n\t\t\t\t\t\t<div class=\"elementor-element elementor-element-36c2201 sc_fly_static elementor-widget elementor-widget-heading\" data-id=\"36c2201\" data-element_type=\"widget\" data-e-type=\"widget\" data-widget_type=\"heading.default\">\n\t\t\t\t<div class=\"elementor-widget-container\">\n\t\t\t\t\t<h1 class=\"elementor-heading-title elementor-size-default\">Content Removal Request<\/h1>\t\t\t\t<\/div>\n\t\t\t\t<\/div>\n\t\t\t\t<div class=\"elementor-element elementor-element-1873ed3 sc_fly_static elementor-widget elementor-widget-text-editor\" data-id=\"1873ed3\" data-element_type=\"widget\" data-e-type=\"widget\" data-widget_type=\"text-editor.default\">\n\t\t\t\t<div class=\"elementor-widget-container\">\n\t\t\t\t\t\t\t\t\t<p><strong>Last Updated: October 13, 2025<\/strong><\/p><p>doktoron.com respects the rights of its users and carefully evaluates requests related to personal information or content. This page explains how content removal requests can be submitted and how they are processed.<\/p><h2>Request Topics<\/h2><p>Users may submit a content removal request in the following situations:<\/p><ul><li>Unauthorized sharing of personal or contact information<\/li><li>Content containing incorrect or misleading information<\/li><li>Copyright infringement claims<\/li><li>Content that should be removed for other legal or ethical reasons<\/li><\/ul><h2>Request Submission Process<\/h2><p>You can send your content removal requests to <a href=\"mailto:hello@doktoron.com\">hello@doktoron.com<\/a>. Please include the following information in your request:<\/p><ul><li>The exact title or URL of the content<\/li><li>Your reason for the request and a detailed explanation<\/li><li>Your relevant contact information<\/li><\/ul><h2>Processing of the Request<\/h2><p>Submitted requests are carefully reviewed by our editorial team. The decision to remove content is evaluated based on the reason for the request, the legal situation, and the site\u2019s policies. Once the review process is completed, the person who submitted the request will be informed of the outcome.<\/p><h2>Responsibility and Notification<\/h2><p>doktoron.com exercises maximum care when evaluating user requests; however, we note that in some cases content removal decisions may be limited due to legal and editorial reasons. Even if your request is not accepted, the reasons will be clearly communicated.<\/p><h2>Transparency and Trust<\/h2><p>This process aims to protect the rights of our users while ensuring the accuracy and reliability of our content. Every request is handled within the framework of privacy and transparency principles.<\/p>\t\t\t\t\t\t\t\t<\/div>\n\t\t\t\t<\/div>\n\t\t\t\t\t<\/div>\n\t\t<\/div>\n\t\t\t\t\t<\/div>\n\t\t<\/section>\n\t\t\t\t<\/div>\n\t\t","protected":false},"excerpt":{"rendered":"<p>Content Removal Request Last Updated: October 13, 2025 doktoron.com respects the rights of its users and carefully evaluates requests related to personal information or content. This page explains how content&hellip;<\/p>\n","protected":false},"author":1,"featured_media":0,"parent":0,"menu_order":0,"comment_status":"closed","ping_status":"closed","template":"","meta":{"footnotes":""},"class_list":["post-39836","page","type-page","status-publish","hentry"],"yoast_head":"<!-- This site is optimized with the Yoast SEO plugin v27.1.1 - https:\/\/yoast.com\/product\/yoast-seo-wordpress\/ -->\n<title>Content Removal Request - Doktoron<\/title>\n<meta name=\"robots\" content=\"index, follow, max-snippet:-1, max-image-preview:large, max-video-preview:-1\" \/>\n<link rel=\"canonical\" href=\"https:\/\/www.doktoron.com\/en\/content-removal-request\" \/>\n<meta property=\"og:locale\" content=\"en_US\" \/>\n<meta property=\"og:type\" content=\"article\" \/>\n<meta property=\"og:title\" content=\"Content Removal Request - Doktoron\" \/>\n<meta property=\"og:description\" content=\"Content Removal Request Last Updated: October 13, 2025 doktoron.com respects the rights of its users and carefully evaluates requests related to personal information or content. This page explains how content&hellip;\" \/>\n<meta property=\"og:url\" content=\"https:\/\/www.doktoron.com\/en\/content-removal-request\" \/>\n<meta property=\"og:site_name\" content=\"Doktoron\" \/>\n<meta property=\"article:publisher\" content=\"https:\/\/www.facebook.com\/doktoroncom\/\" \/>\n<meta property=\"article:modified_time\" content=\"2026-03-08T12:17:51+00:00\" \/>\n<meta name=\"twitter:card\" content=\"summary_large_image\" \/>\n<meta name=\"twitter:label1\" content=\"Est. reading time\" \/>\n\t<meta name=\"twitter:data1\" content=\"1 minute\" \/>\n<!-- \/ Yoast SEO plugin. -->","yoast_head_json":{"title":"Content Removal Request - Doktoron","robots":{"index":"index","follow":"follow","max-snippet":"max-snippet:-1","max-image-preview":"max-image-preview:large","max-video-preview":"max-video-preview:-1"},"canonical":"https:\/\/www.doktoron.com\/en\/content-removal-request","og_locale":"en_US","og_type":"article","og_title":"Content Removal Request - Doktoron","og_description":"Content Removal Request Last Updated: October 13, 2025 doktoron.com respects the rights of its users and carefully evaluates requests related to personal information or content. This page explains how content&hellip;","og_url":"https:\/\/www.doktoron.com\/en\/content-removal-request","og_site_name":"Doktoron","article_publisher":"https:\/\/www.facebook.com\/doktoroncom\/","article_modified_time":"2026-03-08T12:17:51+00:00","twitter_card":"summary_large_image","twitter_misc":{"Est. reading time":"1 minute"},"schema":{"@context":"https:\/\/schema.org","@graph":[{"@type":"WebPage","@id":"https:\/\/www.doktoron.com\/en\/content-removal-request","url":"https:\/\/www.doktoron.com\/en\/content-removal-request","name":"Content Removal Request - Doktoron","isPartOf":{"@id":"https:\/\/www.doktoron.com\/en\/#website"},"datePublished":"2026-03-08T11:34:30+00:00","dateModified":"2026-03-08T12:17:51+00:00","breadcrumb":{"@id":"https:\/\/www.doktoron.com\/en\/content-removal-request#breadcrumb"},"inLanguage":"en-US","potentialAction":[{"@type":"ReadAction","target":["https:\/\/www.doktoron.com\/en\/content-removal-request"]}]},{"@type":"BreadcrumbList","@id":"https:\/\/www.doktoron.com\/en\/content-removal-request#breadcrumb","itemListElement":[{"@type":"ListItem","position":1,"name":"Anasayfa","item":"https:\/\/www.doktoron.com\/en\/"},{"@type":"ListItem","position":2,"name":"Content Removal Request"}]},{"@type":"WebSite","@id":"https:\/\/www.doktoron.com\/en\/#website","url":"https:\/\/www.doktoron.com\/en\/","name":"Doktoron","description":"T\u00fcrkiye&#039;nin Otoriter Sa\u011fl\u0131k Rehberi","publisher":{"@id":"https:\/\/www.doktoron.com\/en\/#organization"},"alternateName":"Doktoron.com","potentialAction":[{"@type":"SearchAction","target":{"@type":"EntryPoint","urlTemplate":"https:\/\/www.doktoron.com\/en\/?s={search_term_string}"},"query-input":{"@type":"PropertyValueSpecification","valueRequired":true,"valueName":"search_term_string"}}],"inLanguage":"en-US"},{"@type":"Organization","@id":"https:\/\/www.doktoron.com\/en\/#organization","name":"Doktoron","url":"https:\/\/www.doktoron.com\/en\/","logo":{"@type":"ImageObject","inLanguage":"en-US","@id":"https:\/\/www.doktoron.com\/en\/#\/schema\/logo\/image\/","url":"https:\/\/www.doktoron.com\/en\/wp-content\/uploads\/2025\/10\/doktoron-logo-siyah.png","contentUrl":"https:\/\/www.doktoron.com\/en\/wp-content\/uploads\/2025\/10\/doktoron-logo-siyah.png","width":900,"height":240,"caption":"Doktoron"},"image":{"@id":"https:\/\/www.doktoron.com\/en\/#\/schema\/logo\/image\/"},"sameAs":["https:\/\/www.facebook.com\/doktoroncom\/","https:\/\/www.instagram.com\/doktoroncom\/","https:\/\/www.linkedin.com\/company\/doktoroncom\/"]}]}},"_links":{"self":[{"href":"https:\/\/www.doktoron.com\/en\/wp-json\/wp\/v2\/pages\/39836","targetHints":{"allow":["GET"]}}],"collection":[{"href":"https:\/\/www.doktoron.com\/en\/wp-json\/wp\/v2\/pages"}],"about":[{"href":"https:\/\/www.doktoron.com\/en\/wp-json\/wp\/v2\/types\/page"}],"author":[{"embeddable":true,"href":"https:\/\/www.doktoron.com\/en\/wp-json\/wp\/v2\/users\/1"}],"replies":[{"embeddable":true,"href":"https:\/\/www.doktoron.com\/en\/wp-json\/wp\/v2\/comments?post=39836"}],"version-history":[{"count":7,"href":"https:\/\/www.doktoron.com\/en\/wp-json\/wp\/v2\/pages\/39836\/revisions"}],"predecessor-version":[{"id":39844,"href":"https:\/\/www.doktoron.com\/en\/wp-json\/wp\/v2\/pages\/39836\/revisions\/39844"}],"wp:attachment":[{"href":"https:\/\/www.doktoron.com\/en\/wp-json\/wp\/v2\/media?parent=39836"}],"curies":[{"name":"wp","href":"https:\/\/api.w.org\/{rel}","templated":true}]}}