{"id":39850,"date":"2026-03-08T14:39:16","date_gmt":"2026-03-08T11:39:16","guid":{"rendered":"https:\/\/www.doktoron.com\/?page_id=39850"},"modified":"2026-03-08T16:16:17","modified_gmt":"2026-03-08T13:16:17","slug":"our-quality-policy","status":"publish","type":"page","link":"https:\/\/www.doktoron.com\/en\/our-quality-policy","title":{"rendered":"Our Quality Policy"},"content":{"rendered":"\t\t<div data-elementor-type=\"wp-page\" data-elementor-id=\"39850\" class=\"elementor elementor-39850\">\n\t\t\t\t\t\t<section class=\"elementor-section elementor-top-section elementor-element elementor-element-43897269 elementor-section-boxed elementor-section-height-default elementor-section-height-default sc_fly_static\" data-id=\"43897269\" data-element_type=\"section\" data-e-type=\"section\" data-settings=\"{&quot;background_background&quot;:&quot;classic&quot;}\">\n\t\t\t\t\t\t<div class=\"elementor-container elementor-column-gap-extended\">\n\t\t\t\t\t<div class=\"elementor-column elementor-col-100 elementor-top-column elementor-element elementor-element-6f02bc5d sc_content_align_inherit sc_layouts_column_icons_position_left sc_fly_static\" data-id=\"6f02bc5d\" data-element_type=\"column\" data-e-type=\"column\">\n\t\t\t<div class=\"elementor-widget-wrap elementor-element-populated\">\n\t\t\t\t\t\t<div class=\"elementor-element elementor-element-6a09900 sc_fly_static elementor-widget elementor-widget-heading\" data-id=\"6a09900\" data-element_type=\"widget\" data-e-type=\"widget\" data-widget_type=\"heading.default\">\n\t\t\t\t<div class=\"elementor-widget-container\">\n\t\t\t\t\t<h1 class=\"elementor-heading-title elementor-size-default\">Our Quality Policy<\/h1>\t\t\t\t<\/div>\n\t\t\t\t<\/div>\n\t\t\t\t<div class=\"elementor-element elementor-element-1873ed3 sc_fly_static elementor-widget elementor-widget-text-editor\" data-id=\"1873ed3\" data-element_type=\"widget\" data-e-type=\"widget\" data-widget_type=\"text-editor.default\">\n\t\t\t\t<div class=\"elementor-widget-container\">\n\t\t\t\t\t\t\t\t\t<p><strong>Last Updated: October 10, 2025<\/strong><\/p><p>Quality is one of the core values of doktoron.com. We apply rigorous quality standards to provide our readers with the most accurate, up-to-date, and understandable health information. This policy aims to transparently explain the processes through which our content is prepared, reviewed, and updated.<\/p><h2>Accuracy Verification<\/h2><p>All medical content published on our platform is carefully reviewed by qualified physicians and healthcare professionals in the relevant field. Each piece of information is verified by comparing it with reliable academic sources and current medical literature. In this way, we ensure that we provide our users with accurate and trustworthy information.<\/p><h2>Update Processes<\/h2><p>Medical and health information is constantly evolving. Therefore, all content on our website is reviewed regularly and updated in light of new scientific findings, treatment methods, or guidelines. The \u201cLast Updated\u201d date is displayed at the top of each article to provide users with the most current information.<\/p><h2>Error Correction Policy<\/h2><p>Despite our best efforts, if a factual error is identified in our content, we commit to correcting it as quickly and transparently as possible. Errors are corrected visibly to maintain user trust, and when necessary, explanatory notes may be added to the article.<\/p><h2>User Feedback<\/h2><p>Feedback from our readers is extremely valuable to us. If you notice an error or have suggestions for improvement regarding our content, we encourage you to contact us at <a href=\"mailto:hello@doktoron.com\">hello@doktoron.com<\/a>. All feedback is carefully reviewed and used to continuously improve our quality standards.<\/p><h2>Transparency and Continuous Improvement<\/h2><p>doktoron.com aims to provide users with a transparent content experience. Our quality policy not only ensures the accuracy of our content but also aims to strengthen user trust. All our content is supported by continuous improvement and updated information.<\/p>\t\t\t\t\t\t\t\t<\/div>\n\t\t\t\t<\/div>\n\t\t\t\t\t<\/div>\n\t\t<\/div>\n\t\t\t\t\t<\/div>\n\t\t<\/section>\n\t\t\t\t<\/div>\n\t\t","protected":false},"excerpt":{"rendered":"<p>Our Quality Policy Last Updated: October 10, 2025 Quality is one of the core values of doktoron.com. We apply rigorous quality standards to provide our readers with the most accurate,&hellip;<\/p>\n","protected":false},"author":1,"featured_media":0,"parent":0,"menu_order":0,"comment_status":"closed","ping_status":"closed","template":"","meta":{"footnotes":""},"class_list":["post-39850","page","type-page","status-publish","hentry"],"yoast_head":"<!-- This site is optimized with the Yoast SEO plugin v27.1.1 - https:\/\/yoast.com\/product\/yoast-seo-wordpress\/ -->\n<title>Our Quality Policy - Doktoron<\/title>\n<meta name=\"robots\" content=\"index, follow, max-snippet:-1, max-image-preview:large, max-video-preview:-1\" \/>\n<link rel=\"canonical\" href=\"https:\/\/www.doktoron.com\/en\/our-quality-policy\" \/>\n<meta property=\"og:locale\" content=\"en_US\" \/>\n<meta property=\"og:type\" content=\"article\" \/>\n<meta property=\"og:title\" content=\"Our Quality Policy - Doktoron\" \/>\n<meta property=\"og:description\" content=\"Our Quality Policy Last Updated: October 10, 2025 Quality is one of the core values of doktoron.com. We apply rigorous quality standards to provide our readers with the most accurate,&hellip;\" \/>\n<meta property=\"og:url\" content=\"https:\/\/www.doktoron.com\/en\/our-quality-policy\" \/>\n<meta property=\"og:site_name\" content=\"Doktoron\" \/>\n<meta property=\"article:publisher\" content=\"https:\/\/www.facebook.com\/doktoroncom\/\" \/>\n<meta property=\"article:modified_time\" content=\"2026-03-08T13:16:17+00:00\" \/>\n<meta name=\"twitter:card\" content=\"summary_large_image\" \/>\n<meta name=\"twitter:label1\" content=\"Est. reading time\" \/>\n\t<meta name=\"twitter:data1\" content=\"1 minute\" \/>\n<!-- \/ Yoast SEO plugin. -->","yoast_head_json":{"title":"Our Quality Policy - Doktoron","robots":{"index":"index","follow":"follow","max-snippet":"max-snippet:-1","max-image-preview":"max-image-preview:large","max-video-preview":"max-video-preview:-1"},"canonical":"https:\/\/www.doktoron.com\/en\/our-quality-policy","og_locale":"en_US","og_type":"article","og_title":"Our Quality Policy - Doktoron","og_description":"Our Quality Policy Last Updated: October 10, 2025 Quality is one of the core values of doktoron.com. We apply rigorous quality standards to provide our readers with the most accurate,&hellip;","og_url":"https:\/\/www.doktoron.com\/en\/our-quality-policy","og_site_name":"Doktoron","article_publisher":"https:\/\/www.facebook.com\/doktoroncom\/","article_modified_time":"2026-03-08T13:16:17+00:00","twitter_card":"summary_large_image","twitter_misc":{"Est. reading time":"1 minute"},"schema":{"@context":"https:\/\/schema.org","@graph":[{"@type":"WebPage","@id":"https:\/\/www.doktoron.com\/en\/our-quality-policy","url":"https:\/\/www.doktoron.com\/en\/our-quality-policy","name":"Our Quality Policy - Doktoron","isPartOf":{"@id":"https:\/\/www.doktoron.com\/en\/#website"},"datePublished":"2026-03-08T11:39:16+00:00","dateModified":"2026-03-08T13:16:17+00:00","breadcrumb":{"@id":"https:\/\/www.doktoron.com\/en\/our-quality-policy#breadcrumb"},"inLanguage":"en-US","potentialAction":[{"@type":"ReadAction","target":["https:\/\/www.doktoron.com\/en\/our-quality-policy"]}]},{"@type":"BreadcrumbList","@id":"https:\/\/www.doktoron.com\/en\/our-quality-policy#breadcrumb","itemListElement":[{"@type":"ListItem","position":1,"name":"Anasayfa","item":"https:\/\/www.doktoron.com\/en\/"},{"@type":"ListItem","position":2,"name":"Our Quality Policy"}]},{"@type":"WebSite","@id":"https:\/\/www.doktoron.com\/en\/#website","url":"https:\/\/www.doktoron.com\/en\/","name":"Doktoron","description":"T\u00fcrkiye&#039;nin Otoriter Sa\u011fl\u0131k Rehberi","publisher":{"@id":"https:\/\/www.doktoron.com\/en\/#organization"},"alternateName":"Doktoron.com","potentialAction":[{"@type":"SearchAction","target":{"@type":"EntryPoint","urlTemplate":"https:\/\/www.doktoron.com\/en\/?s={search_term_string}"},"query-input":{"@type":"PropertyValueSpecification","valueRequired":true,"valueName":"search_term_string"}}],"inLanguage":"en-US"},{"@type":"Organization","@id":"https:\/\/www.doktoron.com\/en\/#organization","name":"Doktoron","url":"https:\/\/www.doktoron.com\/en\/","logo":{"@type":"ImageObject","inLanguage":"en-US","@id":"https:\/\/www.doktoron.com\/en\/#\/schema\/logo\/image\/","url":"https:\/\/www.doktoron.com\/en\/wp-content\/uploads\/2025\/10\/doktoron-logo-siyah.png","contentUrl":"https:\/\/www.doktoron.com\/en\/wp-content\/uploads\/2025\/10\/doktoron-logo-siyah.png","width":900,"height":240,"caption":"Doktoron"},"image":{"@id":"https:\/\/www.doktoron.com\/en\/#\/schema\/logo\/image\/"},"sameAs":["https:\/\/www.facebook.com\/doktoroncom\/","https:\/\/www.instagram.com\/doktoroncom\/","https:\/\/www.linkedin.com\/company\/doktoroncom\/"]}]}},"_links":{"self":[{"href":"https:\/\/www.doktoron.com\/en\/wp-json\/wp\/v2\/pages\/39850","targetHints":{"allow":["GET"]}}],"collection":[{"href":"https:\/\/www.doktoron.com\/en\/wp-json\/wp\/v2\/pages"}],"about":[{"href":"https:\/\/www.doktoron.com\/en\/wp-json\/wp\/v2\/types\/page"}],"author":[{"embeddable":true,"href":"https:\/\/www.doktoron.com\/en\/wp-json\/wp\/v2\/users\/1"}],"replies":[{"embeddable":true,"href":"https:\/\/www.doktoron.com\/en\/wp-json\/wp\/v2\/comments?post=39850"}],"version-history":[{"count":4,"href":"https:\/\/www.doktoron.com\/en\/wp-json\/wp\/v2\/pages\/39850\/revisions"}],"predecessor-version":[{"id":39854,"href":"https:\/\/www.doktoron.com\/en\/wp-json\/wp\/v2\/pages\/39850\/revisions\/39854"}],"wp:attachment":[{"href":"https:\/\/www.doktoron.com\/en\/wp-json\/wp\/v2\/media?parent=39850"}],"curies":[{"name":"wp","href":"https:\/\/api.w.org\/{rel}","templated":true}]}}