{"id":39855,"date":"2026-03-08T14:41:10","date_gmt":"2026-03-08T11:41:10","guid":{"rendered":"https:\/\/www.doktoron.com\/?page_id=39855"},"modified":"2026-03-08T16:15:17","modified_gmt":"2026-03-08T13:15:17","slug":"our-reference-policy","status":"publish","type":"page","link":"https:\/\/www.doktoron.com\/en\/our-reference-policy","title":{"rendered":"Our Reference Policy"},"content":{"rendered":"\t\t<div data-elementor-type=\"wp-page\" data-elementor-id=\"39855\" class=\"elementor elementor-39855\">\n\t\t\t\t\t\t<section class=\"elementor-section elementor-top-section elementor-element elementor-element-43897269 elementor-section-boxed elementor-section-height-default elementor-section-height-default sc_fly_static\" data-id=\"43897269\" data-element_type=\"section\" data-e-type=\"section\" data-settings=\"{&quot;background_background&quot;:&quot;classic&quot;}\">\n\t\t\t\t\t\t<div class=\"elementor-container elementor-column-gap-extended\">\n\t\t\t\t\t<div class=\"elementor-column elementor-col-100 elementor-top-column elementor-element elementor-element-6f02bc5d sc_content_align_inherit sc_layouts_column_icons_position_left sc_fly_static\" data-id=\"6f02bc5d\" data-element_type=\"column\" data-e-type=\"column\">\n\t\t\t<div class=\"elementor-widget-wrap elementor-element-populated\">\n\t\t\t\t\t\t<div class=\"elementor-element elementor-element-9596c4e sc_fly_static elementor-widget elementor-widget-heading\" data-id=\"9596c4e\" data-element_type=\"widget\" data-e-type=\"widget\" data-widget_type=\"heading.default\">\n\t\t\t\t<div class=\"elementor-widget-container\">\n\t\t\t\t\t<h1 class=\"elementor-heading-title elementor-size-default\">Our Reference Policy<\/h1>\t\t\t\t<\/div>\n\t\t\t\t<\/div>\n\t\t\t\t<div class=\"elementor-element elementor-element-1873ed3 sc_fly_static elementor-widget elementor-widget-text-editor\" data-id=\"1873ed3\" data-element_type=\"widget\" data-e-type=\"widget\" data-widget_type=\"text-editor.default\">\n\t\t\t\t<div class=\"elementor-widget-container\">\n\t\t\t\t\t\t\t\t\t<p><strong>Last Updated: October 13, 2025<\/strong><\/p><p>doktoron.com guarantees that all published content is based on reliable, verifiable, and up-to-date sources. Our reference policy explains which types of sources are used, how they are verified, and how users can access them.<\/p><h2>Use of Reliable Sources<\/h2><p>When preparing our content, we use only reputable, evidence-based, and verifiable sources. These include scientific publications, peer-reviewed journals, academic research, and reports from national and international health authorities. The reliability of these sources is carefully reviewed by our editorial team and expert advisors before the content is published.<\/p><h2>Citation of Sources and Transparency<\/h2><p>The sources used in each article are clearly stated and, whenever possible, made accessible to users. This allows our readers to directly see the scientific foundations of the content and evaluate its accuracy themselves.<\/p><h2>Updating of Sources<\/h2><p>Information in the medical and healthcare fields is constantly evolving. Therefore, the sources used in our content are periodically reviewed and updated in light of new scientific developments. The currency of the content is communicated to users through the \u201cLast Updated\u201d date.<\/p><h2>Reader Participation<\/h2><p>Our users may submit suggestions for additional sources or requests for corrections related to our content. Such feedback can be sent to <a href=\"mailto:hello@doktoron.com\">hello@doktoron.com<\/a> and will be evaluated by our editorial team and reflected in the content when appropriate.<\/p><h2>Transparency and Trust<\/h2><p>Through its reference policy, doktoron.com commits to presenting the scientific foundations of its content to users in a clear and understandable manner. In this way, our readers benefit from an experience supported by reliable and verifiable information.<\/p>\t\t\t\t\t\t\t\t<\/div>\n\t\t\t\t<\/div>\n\t\t\t\t\t<\/div>\n\t\t<\/div>\n\t\t\t\t\t<\/div>\n\t\t<\/section>\n\t\t\t\t<\/div>\n\t\t","protected":false},"excerpt":{"rendered":"<p>Our Reference Policy Last Updated: October 13, 2025 doktoron.com guarantees that all published content is based on reliable, verifiable, and up-to-date sources. Our reference policy explains which types of sources&hellip;<\/p>\n","protected":false},"author":1,"featured_media":0,"parent":0,"menu_order":0,"comment_status":"closed","ping_status":"closed","template":"","meta":{"footnotes":""},"class_list":["post-39855","page","type-page","status-publish","hentry"],"yoast_head":"<!-- This site is optimized with the Yoast SEO plugin v27.1.1 - https:\/\/yoast.com\/product\/yoast-seo-wordpress\/ -->\n<title>Our Reference Policy - Doktoron<\/title>\n<meta name=\"robots\" content=\"index, follow, max-snippet:-1, max-image-preview:large, max-video-preview:-1\" \/>\n<link rel=\"canonical\" href=\"https:\/\/www.doktoron.com\/en\/our-reference-policy\" \/>\n<meta property=\"og:locale\" content=\"en_US\" \/>\n<meta property=\"og:type\" content=\"article\" \/>\n<meta property=\"og:title\" content=\"Our Reference Policy - Doktoron\" \/>\n<meta property=\"og:description\" content=\"Our Reference Policy Last Updated: October 13, 2025 doktoron.com guarantees that all published content is based on reliable, verifiable, and up-to-date sources. Our reference policy explains which types of sources&hellip;\" \/>\n<meta property=\"og:url\" content=\"https:\/\/www.doktoron.com\/en\/our-reference-policy\" \/>\n<meta property=\"og:site_name\" content=\"Doktoron\" \/>\n<meta property=\"article:publisher\" content=\"https:\/\/www.facebook.com\/doktoroncom\/\" \/>\n<meta property=\"article:modified_time\" content=\"2026-03-08T13:15:17+00:00\" \/>\n<meta name=\"twitter:card\" content=\"summary_large_image\" \/>\n<meta name=\"twitter:label1\" content=\"Est. reading time\" \/>\n\t<meta name=\"twitter:data1\" content=\"1 minute\" \/>\n<!-- \/ Yoast SEO plugin. -->","yoast_head_json":{"title":"Our Reference Policy - Doktoron","robots":{"index":"index","follow":"follow","max-snippet":"max-snippet:-1","max-image-preview":"max-image-preview:large","max-video-preview":"max-video-preview:-1"},"canonical":"https:\/\/www.doktoron.com\/en\/our-reference-policy","og_locale":"en_US","og_type":"article","og_title":"Our Reference Policy - Doktoron","og_description":"Our Reference Policy Last Updated: October 13, 2025 doktoron.com guarantees that all published content is based on reliable, verifiable, and up-to-date sources. Our reference policy explains which types of sources&hellip;","og_url":"https:\/\/www.doktoron.com\/en\/our-reference-policy","og_site_name":"Doktoron","article_publisher":"https:\/\/www.facebook.com\/doktoroncom\/","article_modified_time":"2026-03-08T13:15:17+00:00","twitter_card":"summary_large_image","twitter_misc":{"Est. reading time":"1 minute"},"schema":{"@context":"https:\/\/schema.org","@graph":[{"@type":"WebPage","@id":"https:\/\/www.doktoron.com\/en\/our-reference-policy","url":"https:\/\/www.doktoron.com\/en\/our-reference-policy","name":"Our Reference Policy - Doktoron","isPartOf":{"@id":"https:\/\/www.doktoron.com\/en\/#website"},"datePublished":"2026-03-08T11:41:10+00:00","dateModified":"2026-03-08T13:15:17+00:00","breadcrumb":{"@id":"https:\/\/www.doktoron.com\/en\/our-reference-policy#breadcrumb"},"inLanguage":"en-US","potentialAction":[{"@type":"ReadAction","target":["https:\/\/www.doktoron.com\/en\/our-reference-policy"]}]},{"@type":"BreadcrumbList","@id":"https:\/\/www.doktoron.com\/en\/our-reference-policy#breadcrumb","itemListElement":[{"@type":"ListItem","position":1,"name":"Anasayfa","item":"https:\/\/www.doktoron.com\/en\/"},{"@type":"ListItem","position":2,"name":"Our Reference Policy"}]},{"@type":"WebSite","@id":"https:\/\/www.doktoron.com\/en\/#website","url":"https:\/\/www.doktoron.com\/en\/","name":"Doktoron","description":"T\u00fcrkiye&#039;nin Otoriter Sa\u011fl\u0131k Rehberi","publisher":{"@id":"https:\/\/www.doktoron.com\/en\/#organization"},"alternateName":"Doktoron.com","potentialAction":[{"@type":"SearchAction","target":{"@type":"EntryPoint","urlTemplate":"https:\/\/www.doktoron.com\/en\/?s={search_term_string}"},"query-input":{"@type":"PropertyValueSpecification","valueRequired":true,"valueName":"search_term_string"}}],"inLanguage":"en-US"},{"@type":"Organization","@id":"https:\/\/www.doktoron.com\/en\/#organization","name":"Doktoron","url":"https:\/\/www.doktoron.com\/en\/","logo":{"@type":"ImageObject","inLanguage":"en-US","@id":"https:\/\/www.doktoron.com\/en\/#\/schema\/logo\/image\/","url":"https:\/\/www.doktoron.com\/en\/wp-content\/uploads\/2025\/10\/doktoron-logo-siyah.png","contentUrl":"https:\/\/www.doktoron.com\/en\/wp-content\/uploads\/2025\/10\/doktoron-logo-siyah.png","width":900,"height":240,"caption":"Doktoron"},"image":{"@id":"https:\/\/www.doktoron.com\/en\/#\/schema\/logo\/image\/"},"sameAs":["https:\/\/www.facebook.com\/doktoroncom\/","https:\/\/www.instagram.com\/doktoroncom\/","https:\/\/www.linkedin.com\/company\/doktoroncom\/"]}]}},"_links":{"self":[{"href":"https:\/\/www.doktoron.com\/en\/wp-json\/wp\/v2\/pages\/39855","targetHints":{"allow":["GET"]}}],"collection":[{"href":"https:\/\/www.doktoron.com\/en\/wp-json\/wp\/v2\/pages"}],"about":[{"href":"https:\/\/www.doktoron.com\/en\/wp-json\/wp\/v2\/types\/page"}],"author":[{"embeddable":true,"href":"https:\/\/www.doktoron.com\/en\/wp-json\/wp\/v2\/users\/1"}],"replies":[{"embeddable":true,"href":"https:\/\/www.doktoron.com\/en\/wp-json\/wp\/v2\/comments?post=39855"}],"version-history":[{"count":4,"href":"https:\/\/www.doktoron.com\/en\/wp-json\/wp\/v2\/pages\/39855\/revisions"}],"predecessor-version":[{"id":39859,"href":"https:\/\/www.doktoron.com\/en\/wp-json\/wp\/v2\/pages\/39855\/revisions\/39859"}],"wp:attachment":[{"href":"https:\/\/www.doktoron.com\/en\/wp-json\/wp\/v2\/media?parent=39855"}],"curies":[{"name":"wp","href":"https:\/\/api.w.org\/{rel}","templated":true}]}}