{"id":39860,"date":"2026-03-08T14:43:53","date_gmt":"2026-03-08T11:43:53","guid":{"rendered":"https:\/\/www.doktoron.com\/?page_id=39860"},"modified":"2026-03-08T16:15:18","modified_gmt":"2026-03-08T13:15:18","slug":"terms-of-use","status":"publish","type":"page","link":"https:\/\/www.doktoron.com\/en\/terms-of-use","title":{"rendered":"Terms of Use"},"content":{"rendered":"\t\t<div data-elementor-type=\"wp-page\" data-elementor-id=\"39860\" class=\"elementor elementor-39860\">\n\t\t\t\t\t\t<section class=\"elementor-section elementor-top-section elementor-element elementor-element-43897269 elementor-section-boxed elementor-section-height-default elementor-section-height-default sc_fly_static\" data-id=\"43897269\" data-element_type=\"section\" data-e-type=\"section\" data-settings=\"{&quot;background_background&quot;:&quot;classic&quot;}\">\n\t\t\t\t\t\t<div class=\"elementor-container elementor-column-gap-extended\">\n\t\t\t\t\t<div class=\"elementor-column elementor-col-100 elementor-top-column elementor-element elementor-element-6f02bc5d sc_content_align_inherit sc_layouts_column_icons_position_left sc_fly_static\" data-id=\"6f02bc5d\" data-element_type=\"column\" data-e-type=\"column\">\n\t\t\t<div class=\"elementor-widget-wrap elementor-element-populated\">\n\t\t\t\t\t\t<div class=\"elementor-element elementor-element-8d2d455 sc_fly_static elementor-widget elementor-widget-heading\" data-id=\"8d2d455\" data-element_type=\"widget\" data-e-type=\"widget\" data-widget_type=\"heading.default\">\n\t\t\t\t<div class=\"elementor-widget-container\">\n\t\t\t\t\t<h1 class=\"elementor-heading-title elementor-size-default\">Terms of Use<\/h1>\t\t\t\t<\/div>\n\t\t\t\t<\/div>\n\t\t\t\t<div class=\"elementor-element elementor-element-1873ed3 sc_fly_static elementor-widget elementor-widget-text-editor\" data-id=\"1873ed3\" data-element_type=\"widget\" data-e-type=\"widget\" data-widget_type=\"text-editor.default\">\n\t\t\t\t<div class=\"elementor-widget-container\">\n\t\t\t\t\t\t\t\t\t<p><b>Last Updated: October 10, 2025<\/b><br \/>Please read these Terms of Use carefully before using the doktoron.com website. By using this site, you are deemed to have accepted the terms stated below.<\/p><h3>1. Description of the Service<\/h3><p>doktoron.com is a health guide that provides informational content about doctors, healthcare institutions, and treatments in Turkey. Our website does not provide medical advice, diagnosis, or treatment services. The information on the site is intended for general informational purposes only and should not be used for personal medical decisions.<\/p><h3>2. Intellectual Property<\/h3><p>All texts, images, logos, and other materials on the site are the property of doktoron.com and may not be copied, reproduced, or distributed without written permission.<\/p><h3>3. User Responsibilities<\/h3><p>Users agree to use the site only for lawful purposes and to respect the rights of other users. Decisions made based on the information obtained from the site and the consequences of those decisions are entirely the responsibility of the user.<\/p><p>In addition, you are responsible for ensuring that the personal data you submit to the site is accurate and up to date. The collection and processing of this data are carried out in accordance with the <a href=\"\/gizlilik-politikasi\">Privacy Policy<\/a>.<\/p><h3>4. Limitation of Liability<\/h3><p>Although every effort is made to ensure the accuracy and timeliness of the information on our website, the information is not guaranteed to be complete or error-free. doktoron.com cannot be held responsible for any direct or indirect damages that may arise from the use of the information on the site. Responsibility for links and third-party content on the site belongs to the user.<\/p><h3>5. Third-Party Content and Links<\/h3><p>Our website may provide links to or content from third-party websites. The accuracy and security of such links or content are not the responsibility of doktoron.com.<\/p><h3>6. Changes<\/h3><p>doktoron.com reserves the right to modify these Terms of Use at any time. Any changes will become effective immediately upon publication on the site, and continued use of the website indicates acceptance of the updated terms.<\/p><h3>7. Effectiveness and Acceptance<\/h3><p>These Terms of Use are effective from the moment you visit our website. By using the site, you acknowledge that you have read and accepted these terms.<\/p>\t\t\t\t\t\t\t\t<\/div>\n\t\t\t\t<\/div>\n\t\t\t\t\t<\/div>\n\t\t<\/div>\n\t\t\t\t\t<\/div>\n\t\t<\/section>\n\t\t\t\t<\/div>\n\t\t","protected":false},"excerpt":{"rendered":"<p>Terms of Use Last Updated: October 10, 2025Please read these Terms of Use carefully before using the doktoron.com website. By using this site, you are deemed to have accepted the&hellip;<\/p>\n","protected":false},"author":1,"featured_media":0,"parent":0,"menu_order":0,"comment_status":"closed","ping_status":"closed","template":"","meta":{"footnotes":""},"class_list":["post-39860","page","type-page","status-publish","hentry"],"yoast_head":"<!-- This site is optimized with the Yoast SEO plugin v27.1.1 - https:\/\/yoast.com\/product\/yoast-seo-wordpress\/ -->\n<title>Terms of Use - Doktoron<\/title>\n<meta name=\"robots\" content=\"index, follow, max-snippet:-1, max-image-preview:large, max-video-preview:-1\" \/>\n<link rel=\"canonical\" href=\"https:\/\/www.doktoron.com\/en\/terms-of-use\" \/>\n<meta property=\"og:locale\" content=\"en_US\" \/>\n<meta property=\"og:type\" content=\"article\" \/>\n<meta property=\"og:title\" content=\"Terms of Use - Doktoron\" \/>\n<meta property=\"og:description\" content=\"Terms of Use Last Updated: October 10, 2025Please read these Terms of Use carefully before using the doktoron.com website. By using this site, you are deemed to have accepted the&hellip;\" \/>\n<meta property=\"og:url\" content=\"https:\/\/www.doktoron.com\/en\/terms-of-use\" \/>\n<meta property=\"og:site_name\" content=\"Doktoron\" \/>\n<meta property=\"article:publisher\" content=\"https:\/\/www.facebook.com\/doktoroncom\/\" \/>\n<meta property=\"article:modified_time\" content=\"2026-03-08T13:15:18+00:00\" \/>\n<meta name=\"twitter:card\" content=\"summary_large_image\" \/>\n<meta name=\"twitter:label1\" content=\"Est. reading time\" \/>\n\t<meta name=\"twitter:data1\" content=\"2 minutes\" \/>\n<!-- \/ Yoast SEO plugin. -->","yoast_head_json":{"title":"Terms of Use - Doktoron","robots":{"index":"index","follow":"follow","max-snippet":"max-snippet:-1","max-image-preview":"max-image-preview:large","max-video-preview":"max-video-preview:-1"},"canonical":"https:\/\/www.doktoron.com\/en\/terms-of-use","og_locale":"en_US","og_type":"article","og_title":"Terms of Use - Doktoron","og_description":"Terms of Use Last Updated: October 10, 2025Please read these Terms of Use carefully before using the doktoron.com website. By using this site, you are deemed to have accepted the&hellip;","og_url":"https:\/\/www.doktoron.com\/en\/terms-of-use","og_site_name":"Doktoron","article_publisher":"https:\/\/www.facebook.com\/doktoroncom\/","article_modified_time":"2026-03-08T13:15:18+00:00","twitter_card":"summary_large_image","twitter_misc":{"Est. reading time":"2 minutes"},"schema":{"@context":"https:\/\/schema.org","@graph":[{"@type":"WebPage","@id":"https:\/\/www.doktoron.com\/en\/terms-of-use","url":"https:\/\/www.doktoron.com\/en\/terms-of-use","name":"Terms of Use - Doktoron","isPartOf":{"@id":"https:\/\/www.doktoron.com\/en\/#website"},"datePublished":"2026-03-08T11:43:53+00:00","dateModified":"2026-03-08T13:15:18+00:00","breadcrumb":{"@id":"https:\/\/www.doktoron.com\/en\/terms-of-use#breadcrumb"},"inLanguage":"en-US","potentialAction":[{"@type":"ReadAction","target":["https:\/\/www.doktoron.com\/en\/terms-of-use"]}]},{"@type":"BreadcrumbList","@id":"https:\/\/www.doktoron.com\/en\/terms-of-use#breadcrumb","itemListElement":[{"@type":"ListItem","position":1,"name":"Anasayfa","item":"https:\/\/www.doktoron.com\/en\/"},{"@type":"ListItem","position":2,"name":"Terms of Use"}]},{"@type":"WebSite","@id":"https:\/\/www.doktoron.com\/en\/#website","url":"https:\/\/www.doktoron.com\/en\/","name":"Doktoron","description":"T\u00fcrkiye&#039;nin Otoriter Sa\u011fl\u0131k Rehberi","publisher":{"@id":"https:\/\/www.doktoron.com\/en\/#organization"},"alternateName":"Doktoron.com","potentialAction":[{"@type":"SearchAction","target":{"@type":"EntryPoint","urlTemplate":"https:\/\/www.doktoron.com\/en\/?s={search_term_string}"},"query-input":{"@type":"PropertyValueSpecification","valueRequired":true,"valueName":"search_term_string"}}],"inLanguage":"en-US"},{"@type":"Organization","@id":"https:\/\/www.doktoron.com\/en\/#organization","name":"Doktoron","url":"https:\/\/www.doktoron.com\/en\/","logo":{"@type":"ImageObject","inLanguage":"en-US","@id":"https:\/\/www.doktoron.com\/en\/#\/schema\/logo\/image\/","url":"https:\/\/www.doktoron.com\/en\/wp-content\/uploads\/2025\/10\/doktoron-logo-siyah.png","contentUrl":"https:\/\/www.doktoron.com\/en\/wp-content\/uploads\/2025\/10\/doktoron-logo-siyah.png","width":900,"height":240,"caption":"Doktoron"},"image":{"@id":"https:\/\/www.doktoron.com\/en\/#\/schema\/logo\/image\/"},"sameAs":["https:\/\/www.facebook.com\/doktoroncom\/","https:\/\/www.instagram.com\/doktoroncom\/","https:\/\/www.linkedin.com\/company\/doktoroncom\/"]}]}},"_links":{"self":[{"href":"https:\/\/www.doktoron.com\/en\/wp-json\/wp\/v2\/pages\/39860","targetHints":{"allow":["GET"]}}],"collection":[{"href":"https:\/\/www.doktoron.com\/en\/wp-json\/wp\/v2\/pages"}],"about":[{"href":"https:\/\/www.doktoron.com\/en\/wp-json\/wp\/v2\/types\/page"}],"author":[{"embeddable":true,"href":"https:\/\/www.doktoron.com\/en\/wp-json\/wp\/v2\/users\/1"}],"replies":[{"embeddable":true,"href":"https:\/\/www.doktoron.com\/en\/wp-json\/wp\/v2\/comments?post=39860"}],"version-history":[{"count":4,"href":"https:\/\/www.doktoron.com\/en\/wp-json\/wp\/v2\/pages\/39860\/revisions"}],"predecessor-version":[{"id":39864,"href":"https:\/\/www.doktoron.com\/en\/wp-json\/wp\/v2\/pages\/39860\/revisions\/39864"}],"wp:attachment":[{"href":"https:\/\/www.doktoron.com\/en\/wp-json\/wp\/v2\/media?parent=39860"}],"curies":[{"name":"wp","href":"https:\/\/api.w.org\/{rel}","templated":true}]}}