{"id":39865,"date":"2026-03-08T14:47:20","date_gmt":"2026-03-08T11:47:20","guid":{"rendered":"https:\/\/www.doktoron.com\/?page_id=39865"},"modified":"2026-03-08T15:18:10","modified_gmt":"2026-03-08T12:18:10","slug":"impressum","status":"publish","type":"page","link":"https:\/\/www.doktoron.com\/en\/impressum","title":{"rendered":"Impressum"},"content":{"rendered":"\t\t<div data-elementor-type=\"wp-page\" data-elementor-id=\"39865\" class=\"elementor elementor-39865\">\n\t\t\t\t\t\t<section class=\"elementor-section elementor-top-section elementor-element elementor-element-43897269 elementor-section-boxed elementor-section-height-default elementor-section-height-default sc_fly_static\" data-id=\"43897269\" data-element_type=\"section\" data-e-type=\"section\" data-settings=\"{&quot;background_background&quot;:&quot;classic&quot;}\">\n\t\t\t\t\t\t<div class=\"elementor-container elementor-column-gap-extended\">\n\t\t\t\t\t<div class=\"elementor-column elementor-col-100 elementor-top-column elementor-element elementor-element-6f02bc5d sc_content_align_inherit sc_layouts_column_icons_position_left sc_fly_static\" data-id=\"6f02bc5d\" data-element_type=\"column\" data-e-type=\"column\">\n\t\t\t<div class=\"elementor-widget-wrap elementor-element-populated\">\n\t\t\t\t\t\t<div class=\"elementor-element elementor-element-99083cf sc_fly_static elementor-widget elementor-widget-heading\" data-id=\"99083cf\" data-element_type=\"widget\" data-e-type=\"widget\" data-widget_type=\"heading.default\">\n\t\t\t\t<div class=\"elementor-widget-container\">\n\t\t\t\t\t<h1 class=\"elementor-heading-title elementor-size-default\">Impressum<\/h1>\t\t\t\t<\/div>\n\t\t\t\t<\/div>\n\t\t\t\t<div class=\"elementor-element elementor-element-1873ed3 elementor-widget-tablet__width-initial sc_fly_static elementor-widget elementor-widget-text-editor\" data-id=\"1873ed3\" data-element_type=\"widget\" data-e-type=\"widget\" data-widget_type=\"text-editor.default\">\n\t\t\t\t<div class=\"elementor-widget-container\">\n\t\t\t\t\t\t\t\t\t<p><b>As doktoron.com<\/b>, our mission is to provide users with accurate, reliable, and up-to-date health information and to help them easily access specialist doctors in their fields. In accordance with our international transparency principles, we present below the legal and administrative information of our Switzerland-based company that operates this platform.<\/p><h3><b>1. Company Information<\/b><\/h3><ul><li><b>Official Company Name: <\/b>Doktoron Internet GmbH<\/li><li><b>Legal Status: <\/b>Gesellschaft mit beschr\u00e4nkter Haftung<\/li><li><b>Head Office Address:<\/b> Suurstoffi 37, 6343 Risch-Rotkreuz, Switzerland<\/li><li><b>Commercial Registry Number (UID): <\/b>CHE-732.957.163<\/li><li><strong>VAT Number (MWST-Nr.)<\/strong>: CHE-106.257.394<\/li><\/ul><h3><b>2. Contact Information<\/b><\/h3><ul><li><b>Phone:<\/b> +41 77 552 08 21<\/li><li><b>Email Address: <\/b>kurumsal@doktoron.com<\/li><li><b>Website:<\/b> www.doktoron.com<\/li><\/ul><h3><b>3. Authorized Persons and Responsible Parties<\/b><\/h3><p>Identifying the individuals responsible for the management and content of the platform increases corporate transparency.<\/p><ul><li><b>Legal Representative \/ Managing Director:<\/b> Lukas Meier<\/li><li><b>Content Responsible (similar to V.i.S.d.P.):<\/b> Sofia Keller<\/li><li><b>Medical Advisory Board \/ Content Reviewers:<\/b> <i><\/i><ul><li>Prof. Dr. G\u00fcrkan Kayaba\u015fo\u011flu, Otorhinolaryngology (ENT), Turkey \/ Hacettepe University<\/li><li>Op. Dr. Erdi \u00d6zdemir, Otorhinolaryngology (ENT), Turkey \/ Kocaeli University<\/li><li>Assoc. Prof. Dr. Deniz \u015eim\u015fek, Obstetrics and Gynecology, Turkey \/ Ege University<\/li><\/ul><\/li><\/ul><h3><b>4. Hosting Provider Information<\/b><\/h3><ul><li><b>Hosting Provider:<\/b> Infomaniak Network SA<\/li><li><b>Address:<\/b> Rue Eug\u00e8ne-Marziano 25, 1227 Gen\u00e8ve, Switzerland<\/li><li><b>Website: <\/b><span style=\"text-decoration: underline;\"><a href=\"https:\/\/www.infomaniak.com\/\">https:\/\/www.infomaniak.com<\/a><\/span><\/li><\/ul><h3><b>5. Legal Notice and Disclaimer<\/b><\/h3><p>This section outlines the legal framework of the website and informs users.<\/p><p>All content on this website is prepared for informational purposes only. The information provided on the site cannot replace a medical examination or consultation with a physician. For a definitive diagnosis and treatment of your health concerns, please consult a qualified healthcare professional. <b>doktoron.com<\/b> accepts no liability for any consequences arising from the use of the information on this website. The quality and scope of services provided by doctors and healthcare institutions listed on our platform are the sole legal and professional responsibility of the respective doctors and institutions.<\/p><h3><b>6. Data Protection and Privacy Policies<\/b><\/h3><p>Due to Switzerland\u2019s strict data protection laws (FADP) and the European Union\u2019s GDPR, this section is particularly important.<\/p><p>The privacy of our users and the protection of their personal data are our highest priorities. Our data processing activities comply with the Swiss Federal Act on Data Protection (FADP) and, where applicable, the EU General Data Protection Regulation (GDPR). For more detailed information, please visit the following pages:<\/p><ul><li><span style=\"text-decoration: underline;\"><a href=\"\/en\/our-privacy-policy\">Privacy Policy<\/a><\/span><\/li><li><a href=\"\/en\/our-cookie-policy\"><span style=\"text-decoration: underline;\">Cookie Policy<\/span><\/a><\/li><li><a href=\"\/en\/terms-of-use\"><span style=\"text-decoration: underline;\">Terms of Use<\/span><\/a><\/li><\/ul>\t\t\t\t\t\t\t\t<\/div>\n\t\t\t\t<\/div>\n\t\t\t\t\t<\/div>\n\t\t<\/div>\n\t\t\t\t\t<\/div>\n\t\t<\/section>\n\t\t\t\t<\/div>\n\t\t","protected":false},"excerpt":{"rendered":"<p>Impressum As doktoron.com, our mission is to provide users with accurate, reliable, and up-to-date health information and to help them easily access specialist doctors in their fields. In accordance with&hellip;<\/p>\n","protected":false},"author":1,"featured_media":0,"parent":0,"menu_order":0,"comment_status":"closed","ping_status":"closed","template":"","meta":{"footnotes":""},"class_list":["post-39865","page","type-page","status-publish","hentry"],"yoast_head":"<!-- This site is optimized with the Yoast SEO plugin v27.1.1 - https:\/\/yoast.com\/product\/yoast-seo-wordpress\/ -->\n<title>Impressum - Doktoron<\/title>\n<meta name=\"robots\" content=\"index, follow, max-snippet:-1, max-image-preview:large, max-video-preview:-1\" \/>\n<link rel=\"canonical\" href=\"https:\/\/www.doktoron.com\/en\/impressum\" \/>\n<meta property=\"og:locale\" content=\"en_US\" \/>\n<meta property=\"og:type\" content=\"article\" \/>\n<meta property=\"og:title\" content=\"Impressum - Doktoron\" \/>\n<meta property=\"og:description\" content=\"Impressum As doktoron.com, our mission is to provide users with accurate, reliable, and up-to-date health information and to help them easily access specialist doctors in their fields. In accordance with&hellip;\" \/>\n<meta property=\"og:url\" content=\"https:\/\/www.doktoron.com\/en\/impressum\" \/>\n<meta property=\"og:site_name\" content=\"Doktoron\" \/>\n<meta property=\"article:publisher\" content=\"https:\/\/www.facebook.com\/doktoroncom\/\" \/>\n<meta property=\"article:modified_time\" content=\"2026-03-08T12:18:10+00:00\" \/>\n<meta name=\"twitter:card\" content=\"summary_large_image\" \/>\n<meta name=\"twitter:label1\" content=\"Est. reading time\" \/>\n\t<meta name=\"twitter:data1\" content=\"2 minutes\" \/>\n<!-- \/ Yoast SEO plugin. -->","yoast_head_json":{"title":"Impressum - Doktoron","robots":{"index":"index","follow":"follow","max-snippet":"max-snippet:-1","max-image-preview":"max-image-preview:large","max-video-preview":"max-video-preview:-1"},"canonical":"https:\/\/www.doktoron.com\/en\/impressum","og_locale":"en_US","og_type":"article","og_title":"Impressum - Doktoron","og_description":"Impressum As doktoron.com, our mission is to provide users with accurate, reliable, and up-to-date health information and to help them easily access specialist doctors in their fields. In accordance with&hellip;","og_url":"https:\/\/www.doktoron.com\/en\/impressum","og_site_name":"Doktoron","article_publisher":"https:\/\/www.facebook.com\/doktoroncom\/","article_modified_time":"2026-03-08T12:18:10+00:00","twitter_card":"summary_large_image","twitter_misc":{"Est. reading time":"2 minutes"},"schema":{"@context":"https:\/\/schema.org","@graph":[{"@type":"WebPage","@id":"https:\/\/www.doktoron.com\/en\/impressum","url":"https:\/\/www.doktoron.com\/en\/impressum","name":"Impressum - Doktoron","isPartOf":{"@id":"https:\/\/www.doktoron.com\/en\/#website"},"datePublished":"2026-03-08T11:47:20+00:00","dateModified":"2026-03-08T12:18:10+00:00","breadcrumb":{"@id":"https:\/\/www.doktoron.com\/en\/impressum#breadcrumb"},"inLanguage":"en-US","potentialAction":[{"@type":"ReadAction","target":["https:\/\/www.doktoron.com\/en\/impressum"]}]},{"@type":"BreadcrumbList","@id":"https:\/\/www.doktoron.com\/en\/impressum#breadcrumb","itemListElement":[{"@type":"ListItem","position":1,"name":"Anasayfa","item":"https:\/\/www.doktoron.com\/en\/"},{"@type":"ListItem","position":2,"name":"Impressum"}]},{"@type":"WebSite","@id":"https:\/\/www.doktoron.com\/en\/#website","url":"https:\/\/www.doktoron.com\/en\/","name":"Doktoron","description":"T\u00fcrkiye&#039;nin Otoriter Sa\u011fl\u0131k Rehberi","publisher":{"@id":"https:\/\/www.doktoron.com\/en\/#organization"},"alternateName":"Doktoron.com","potentialAction":[{"@type":"SearchAction","target":{"@type":"EntryPoint","urlTemplate":"https:\/\/www.doktoron.com\/en\/?s={search_term_string}"},"query-input":{"@type":"PropertyValueSpecification","valueRequired":true,"valueName":"search_term_string"}}],"inLanguage":"en-US"},{"@type":"Organization","@id":"https:\/\/www.doktoron.com\/en\/#organization","name":"Doktoron","url":"https:\/\/www.doktoron.com\/en\/","logo":{"@type":"ImageObject","inLanguage":"en-US","@id":"https:\/\/www.doktoron.com\/en\/#\/schema\/logo\/image\/","url":"https:\/\/www.doktoron.com\/en\/wp-content\/uploads\/2025\/10\/doktoron-logo-siyah.png","contentUrl":"https:\/\/www.doktoron.com\/en\/wp-content\/uploads\/2025\/10\/doktoron-logo-siyah.png","width":900,"height":240,"caption":"Doktoron"},"image":{"@id":"https:\/\/www.doktoron.com\/en\/#\/schema\/logo\/image\/"},"sameAs":["https:\/\/www.facebook.com\/doktoroncom\/","https:\/\/www.instagram.com\/doktoroncom\/","https:\/\/www.linkedin.com\/company\/doktoroncom\/"]}]}},"_links":{"self":[{"href":"https:\/\/www.doktoron.com\/en\/wp-json\/wp\/v2\/pages\/39865","targetHints":{"allow":["GET"]}}],"collection":[{"href":"https:\/\/www.doktoron.com\/en\/wp-json\/wp\/v2\/pages"}],"about":[{"href":"https:\/\/www.doktoron.com\/en\/wp-json\/wp\/v2\/types\/page"}],"author":[{"embeddable":true,"href":"https:\/\/www.doktoron.com\/en\/wp-json\/wp\/v2\/users\/1"}],"replies":[{"embeddable":true,"href":"https:\/\/www.doktoron.com\/en\/wp-json\/wp\/v2\/comments?post=39865"}],"version-history":[{"count":7,"href":"https:\/\/www.doktoron.com\/en\/wp-json\/wp\/v2\/pages\/39865\/revisions"}],"predecessor-version":[{"id":39873,"href":"https:\/\/www.doktoron.com\/en\/wp-json\/wp\/v2\/pages\/39865\/revisions\/39873"}],"wp:attachment":[{"href":"https:\/\/www.doktoron.com\/en\/wp-json\/wp\/v2\/media?parent=39865"}],"curies":[{"name":"wp","href":"https:\/\/api.w.org\/{rel}","templated":true}]}}