{"id":39874,"date":"2026-03-08T14:50:42","date_gmt":"2026-03-08T11:50:42","guid":{"rendered":"https:\/\/www.doktoron.com\/?page_id=39874"},"modified":"2026-03-08T15:17:58","modified_gmt":"2026-03-08T12:17:58","slug":"disclaimer","status":"publish","type":"page","link":"https:\/\/www.doktoron.com\/en\/disclaimer","title":{"rendered":"Disclaimer"},"content":{"rendered":"\t\t<div data-elementor-type=\"wp-page\" data-elementor-id=\"39874\" class=\"elementor elementor-39874\">\n\t\t\t\t\t\t<section class=\"elementor-section elementor-top-section elementor-element elementor-element-43897269 elementor-section-boxed elementor-section-height-default elementor-section-height-default sc_fly_static\" data-id=\"43897269\" data-element_type=\"section\" data-e-type=\"section\" data-settings=\"{&quot;background_background&quot;:&quot;classic&quot;}\">\n\t\t\t\t\t\t<div class=\"elementor-container elementor-column-gap-extended\">\n\t\t\t\t\t<div class=\"elementor-column elementor-col-100 elementor-top-column elementor-element elementor-element-6f02bc5d sc_content_align_inherit sc_layouts_column_icons_position_left sc_fly_static\" data-id=\"6f02bc5d\" data-element_type=\"column\" data-e-type=\"column\">\n\t\t\t<div class=\"elementor-widget-wrap elementor-element-populated\">\n\t\t\t\t\t\t<div class=\"elementor-element elementor-element-f1736a1 sc_fly_static elementor-widget elementor-widget-heading\" data-id=\"f1736a1\" data-element_type=\"widget\" data-e-type=\"widget\" data-widget_type=\"heading.default\">\n\t\t\t\t<div class=\"elementor-widget-container\">\n\t\t\t\t\t<h1 class=\"elementor-heading-title elementor-size-default\">Disclaimer<\/h1>\t\t\t\t<\/div>\n\t\t\t\t<\/div>\n\t\t\t\t<div class=\"elementor-element elementor-element-1873ed3 sc_fly_static elementor-widget elementor-widget-text-editor\" data-id=\"1873ed3\" data-element_type=\"widget\" data-e-type=\"widget\" data-widget_type=\"text-editor.default\">\n\t\t\t\t<div class=\"elementor-widget-container\">\n\t\t\t\t\t\t\t\t\t<p><strong>Last Updated: October 10, 2025<\/strong><\/p><p>All information, doctor and healthcare listings, and medical content provided on doktoron.com are intended solely for general informational and guidance purposes. Our goal is to help users easily access accurate and reliable health information. However, the content on this website does not replace personal medical advice, diagnosis, or treatment.<\/p><h2>Not Medical Advice<\/h2><p>doktoron.com does not provide professional medical advice, diagnosis, treatment, or consultation services. Before making any health-related decisions, starting a treatment, or changing an existing treatment, you should always consult a qualified physician or healthcare professional. If you are experiencing a medical emergency, please contact your doctor or call emergency services immediately.<\/p><h2>No Guarantee of Information<\/h2><p>Although great effort is made to ensure that the information on our website is accurate, complete, and up to date, no guarantee is provided for any content. All information is presented \u201cas is\u201d and should be evaluated at the user\u2019s own discretion. Doktoron.com is not responsible for any direct or indirect consequences arising from the use of the content.<\/p><h2>No Endorsement or Recommendation<\/h2><p>The listing of specific doctors, clinics, or healthcare institutions on our website does not mean that doktoron.com recommends, endorses, or considers them superior to others. These listings are provided solely to make it easier for users to conduct their own research. Users should make their choices according to their own needs and personal circumstances.<\/p><h2>Final Responsibility Belongs to the User<\/h2><p>All health-related decisions, such as choosing a physician or accepting or refusing a treatment method, and the consequences of those decisions are entirely the responsibility of the user. doktoron.com cannot be held responsible for any negative outcomes resulting from decisions made by users. Users should always seek the opinion of a qualified professional when making healthcare decisions.<\/p><h2>Transparency and Reliability<\/h2><p>doktoron.com prioritizes transparency and reliability in all its content. The sources used in articles and guides are supported by current medical literature, academic publications, and guidelines from international health authorities. This approach ensures that our users receive accurate information.<\/p>\t\t\t\t\t\t\t\t<\/div>\n\t\t\t\t<\/div>\n\t\t\t\t\t<\/div>\n\t\t<\/div>\n\t\t\t\t\t<\/div>\n\t\t<\/section>\n\t\t\t\t<\/div>\n\t\t","protected":false},"excerpt":{"rendered":"<p>Disclaimer Last Updated: October 10, 2025 All information, doctor and healthcare listings, and medical content provided on doktoron.com are intended solely for general informational and guidance purposes. Our goal is&hellip;<\/p>\n","protected":false},"author":1,"featured_media":0,"parent":0,"menu_order":0,"comment_status":"closed","ping_status":"closed","template":"","meta":{"footnotes":""},"class_list":["post-39874","page","type-page","status-publish","hentry"],"yoast_head":"<!-- This site is optimized with the Yoast SEO plugin v27.1.1 - https:\/\/yoast.com\/product\/yoast-seo-wordpress\/ -->\n<title>Disclaimer - Doktoron<\/title>\n<meta name=\"robots\" content=\"index, follow, max-snippet:-1, max-image-preview:large, max-video-preview:-1\" \/>\n<link rel=\"canonical\" href=\"https:\/\/www.doktoron.com\/en\/disclaimer\" \/>\n<meta property=\"og:locale\" content=\"en_US\" \/>\n<meta property=\"og:type\" content=\"article\" \/>\n<meta property=\"og:title\" content=\"Disclaimer - Doktoron\" \/>\n<meta property=\"og:description\" content=\"Disclaimer Last Updated: October 10, 2025 All information, doctor and healthcare listings, and medical content provided on doktoron.com are intended solely for general informational and guidance purposes. Our goal is&hellip;\" \/>\n<meta property=\"og:url\" content=\"https:\/\/www.doktoron.com\/en\/disclaimer\" \/>\n<meta property=\"og:site_name\" content=\"Doktoron\" \/>\n<meta property=\"article:publisher\" content=\"https:\/\/www.facebook.com\/doktoroncom\/\" \/>\n<meta property=\"article:modified_time\" content=\"2026-03-08T12:17:58+00:00\" \/>\n<meta name=\"twitter:card\" content=\"summary_large_image\" \/>\n<meta name=\"twitter:label1\" content=\"Est. reading time\" \/>\n\t<meta name=\"twitter:data1\" content=\"2 minutes\" \/>\n<!-- \/ Yoast SEO plugin. -->","yoast_head_json":{"title":"Disclaimer - Doktoron","robots":{"index":"index","follow":"follow","max-snippet":"max-snippet:-1","max-image-preview":"max-image-preview:large","max-video-preview":"max-video-preview:-1"},"canonical":"https:\/\/www.doktoron.com\/en\/disclaimer","og_locale":"en_US","og_type":"article","og_title":"Disclaimer - Doktoron","og_description":"Disclaimer Last Updated: October 10, 2025 All information, doctor and healthcare listings, and medical content provided on doktoron.com are intended solely for general informational and guidance purposes. Our goal is&hellip;","og_url":"https:\/\/www.doktoron.com\/en\/disclaimer","og_site_name":"Doktoron","article_publisher":"https:\/\/www.facebook.com\/doktoroncom\/","article_modified_time":"2026-03-08T12:17:58+00:00","twitter_card":"summary_large_image","twitter_misc":{"Est. reading time":"2 minutes"},"schema":{"@context":"https:\/\/schema.org","@graph":[{"@type":"WebPage","@id":"https:\/\/www.doktoron.com\/en\/disclaimer","url":"https:\/\/www.doktoron.com\/en\/disclaimer","name":"Disclaimer - Doktoron","isPartOf":{"@id":"https:\/\/www.doktoron.com\/en\/#website"},"datePublished":"2026-03-08T11:50:42+00:00","dateModified":"2026-03-08T12:17:58+00:00","breadcrumb":{"@id":"https:\/\/www.doktoron.com\/en\/disclaimer#breadcrumb"},"inLanguage":"en-US","potentialAction":[{"@type":"ReadAction","target":["https:\/\/www.doktoron.com\/en\/disclaimer"]}]},{"@type":"BreadcrumbList","@id":"https:\/\/www.doktoron.com\/en\/disclaimer#breadcrumb","itemListElement":[{"@type":"ListItem","position":1,"name":"Anasayfa","item":"https:\/\/www.doktoron.com\/en\/"},{"@type":"ListItem","position":2,"name":"Disclaimer"}]},{"@type":"WebSite","@id":"https:\/\/www.doktoron.com\/en\/#website","url":"https:\/\/www.doktoron.com\/en\/","name":"Doktoron","description":"T\u00fcrkiye&#039;nin Otoriter Sa\u011fl\u0131k Rehberi","publisher":{"@id":"https:\/\/www.doktoron.com\/en\/#organization"},"alternateName":"Doktoron.com","potentialAction":[{"@type":"SearchAction","target":{"@type":"EntryPoint","urlTemplate":"https:\/\/www.doktoron.com\/en\/?s={search_term_string}"},"query-input":{"@type":"PropertyValueSpecification","valueRequired":true,"valueName":"search_term_string"}}],"inLanguage":"en-US"},{"@type":"Organization","@id":"https:\/\/www.doktoron.com\/en\/#organization","name":"Doktoron","url":"https:\/\/www.doktoron.com\/en\/","logo":{"@type":"ImageObject","inLanguage":"en-US","@id":"https:\/\/www.doktoron.com\/en\/#\/schema\/logo\/image\/","url":"https:\/\/www.doktoron.com\/en\/wp-content\/uploads\/2025\/10\/doktoron-logo-siyah.png","contentUrl":"https:\/\/www.doktoron.com\/en\/wp-content\/uploads\/2025\/10\/doktoron-logo-siyah.png","width":900,"height":240,"caption":"Doktoron"},"image":{"@id":"https:\/\/www.doktoron.com\/en\/#\/schema\/logo\/image\/"},"sameAs":["https:\/\/www.facebook.com\/doktoroncom\/","https:\/\/www.instagram.com\/doktoroncom\/","https:\/\/www.linkedin.com\/company\/doktoroncom\/"]}]}},"_links":{"self":[{"href":"https:\/\/www.doktoron.com\/en\/wp-json\/wp\/v2\/pages\/39874","targetHints":{"allow":["GET"]}}],"collection":[{"href":"https:\/\/www.doktoron.com\/en\/wp-json\/wp\/v2\/pages"}],"about":[{"href":"https:\/\/www.doktoron.com\/en\/wp-json\/wp\/v2\/types\/page"}],"author":[{"embeddable":true,"href":"https:\/\/www.doktoron.com\/en\/wp-json\/wp\/v2\/users\/1"}],"replies":[{"embeddable":true,"href":"https:\/\/www.doktoron.com\/en\/wp-json\/wp\/v2\/comments?post=39874"}],"version-history":[{"count":7,"href":"https:\/\/www.doktoron.com\/en\/wp-json\/wp\/v2\/pages\/39874\/revisions"}],"predecessor-version":[{"id":39881,"href":"https:\/\/www.doktoron.com\/en\/wp-json\/wp\/v2\/pages\/39874\/revisions\/39881"}],"wp:attachment":[{"href":"https:\/\/www.doktoron.com\/en\/wp-json\/wp\/v2\/media?parent=39874"}],"curies":[{"name":"wp","href":"https:\/\/api.w.org\/{rel}","templated":true}]}}